{"id":22,"date":"2025-02-09T11:03:10","date_gmt":"2025-02-09T11:03:10","guid":{"rendered":"https:\/\/www.chefzak.com\/?page_id=22"},"modified":"2025-04-20T19:03:15","modified_gmt":"2025-04-20T19:03:15","slug":"encurtidos","status":"publish","type":"page","link":"https:\/\/www.chefzak.com\/en\/encurtidos\/","title":{"rendered":"Pickles"},"content":{"rendered":"<div data-elementor-type=\"wp-page\" data-elementor-id=\"22\" class=\"elementor elementor-22\">\n\t\t\t\t<div class=\"elementor-element elementor-element-e8d83fa e-flex e-con-boxed e-con e-parent\" data-id=\"e8d83fa\" data-element_type=\"container\">\n\t\t\t\t\t<div class=\"e-con-inner\">\n\t\t\t\t<div class=\"elementor-element elementor-element-dcd2b0c elementor-widget elementor-widget-text-editor\" data-id=\"dcd2b0c\" data-element_type=\"widget\" data-widget_type=\"text-editor.default\">\n\t\t\t\t<div class=\"elementor-widget-container\">\n\t\t\t\t\t\t\t\t\t<h1>Pickles<\/h1><p>Pickling foods is an extremely important culinary technique. While texture is certainly a crucial aspect of pickle enjoyment, so is taste. Whether you're eating your pickles whole, throwing them on a burger, or chopping them up for recipes, it matters which kind you use, so try on my own recipes to potentially discover your new favorite pickle!<\/p>\t\t\t\t\t\t\t\t<\/div>\n\t\t\t\t<\/div>\n\t\t\t\t\t<\/div>\n\t\t\t\t<\/div>\n\t\t<div class=\"elementor-element elementor-element-ce889a6 e-flex e-con-boxed e-con e-parent\" data-id=\"ce889a6\" data-element_type=\"container\">\n\t\t\t\t\t<div class=\"e-con-inner\">\n\t\t<div class=\"elementor-element elementor-element-4017961 e-con-full e-flex e-con e-child\" data-id=\"4017961\" data-element_type=\"container\">\n\t\t\t\t<div class=\"elementor-element elementor-element-55f52ff elementor-widget elementor-widget-image\" data-id=\"55f52ff\" data-element_type=\"widget\" data-widget_type=\"image.default\">\n\t\t\t\t<div class=\"elementor-widget-container\">\n\t\t\t\t\t\t\t\t\t\t\t\t\t\t\t<img fetchpriority=\"high\" decoding=\"async\" width=\"1024\" height=\"819\" src=\"https:\/\/www.chefzak.com\/wp-content\/uploads\/2025\/04\/Pickles-01-1024x819.jpg\" class=\"attachment-large size-large wp-image-817\" alt=\"\" srcset=\"https:\/\/www.chefzak.com\/wp-content\/uploads\/2025\/04\/Pickles-01-1024x819.jpg 1024w, https:\/\/www.chefzak.com\/wp-content\/uploads\/2025\/04\/Pickles-01-300x240.jpg 300w, https:\/\/www.chefzak.com\/wp-content\/uploads\/2025\/04\/Pickles-01-768x614.jpg 768w, https:\/\/www.chefzak.com\/wp-content\/uploads\/2025\/04\/Pickles-01-15x12.jpg 15w, https:\/\/www.chefzak.com\/wp-content\/uploads\/2025\/04\/Pickles-01.jpg 1280w\" sizes=\"(max-width: 1024px) 100vw, 1024px\" \/>\t\t\t\t\t\t\t\t\t\t\t\t\t\t\t<\/div>\n\t\t\t\t<\/div>\n\t\t\t\t<\/div>\n\t\t<div class=\"elementor-element elementor-element-00521b1 e-con-full e-flex e-con e-child\" data-id=\"00521b1\" data-element_type=\"container\">\n\t\t\t\t<div class=\"elementor-element elementor-element-ee2a50d elementor-widget elementor-widget-image\" data-id=\"ee2a50d\" data-element_type=\"widget\" data-widget_type=\"image.default\">\n\t\t\t\t<div class=\"elementor-widget-container\">\n\t\t\t\t\t\t\t\t\t\t\t\t\t\t\t<img decoding=\"async\" width=\"1024\" height=\"819\" src=\"https:\/\/www.chefzak.com\/wp-content\/uploads\/2025\/04\/Pickles-02-1024x819.jpg\" class=\"attachment-large size-large wp-image-818\" alt=\"\" srcset=\"https:\/\/www.chefzak.com\/wp-content\/uploads\/2025\/04\/Pickles-02-1024x819.jpg 1024w, https:\/\/www.chefzak.com\/wp-content\/uploads\/2025\/04\/Pickles-02-300x240.jpg 300w, https:\/\/www.chefzak.com\/wp-content\/uploads\/2025\/04\/Pickles-02-768x614.jpg 768w, https:\/\/www.chefzak.com\/wp-content\/uploads\/2025\/04\/Pickles-02-15x12.jpg 15w, https:\/\/www.chefzak.com\/wp-content\/uploads\/2025\/04\/Pickles-02.jpg 1280w\" sizes=\"(max-width: 1024px) 100vw, 1024px\" \/>\t\t\t\t\t\t\t\t\t\t\t\t\t\t\t<\/div>\n\t\t\t\t<\/div>\n\t\t\t\t<\/div>\n\t\t<div class=\"elementor-element elementor-element-3bdca6f e-con-full e-flex e-con e-child\" data-id=\"3bdca6f\" data-element_type=\"container\">\n\t\t\t\t<div class=\"elementor-element elementor-element-f3108da elementor-widget elementor-widget-image\" data-id=\"f3108da\" data-element_type=\"widget\" data-widget_type=\"image.default\">\n\t\t\t\t<div class=\"elementor-widget-container\">\n\t\t\t\t\t\t\t\t\t\t\t\t\t\t\t<img decoding=\"async\" width=\"1024\" height=\"819\" src=\"https:\/\/www.chefzak.com\/wp-content\/uploads\/2025\/04\/Pickles-03-1024x819.jpg\" class=\"attachment-large size-large wp-image-819\" alt=\"\" srcset=\"https:\/\/www.chefzak.com\/wp-content\/uploads\/2025\/04\/Pickles-03-1024x819.jpg 1024w, https:\/\/www.chefzak.com\/wp-content\/uploads\/2025\/04\/Pickles-03-300x240.jpg 300w, https:\/\/www.chefzak.com\/wp-content\/uploads\/2025\/04\/Pickles-03-768x614.jpg 768w, https:\/\/www.chefzak.com\/wp-content\/uploads\/2025\/04\/Pickles-03-15x12.jpg 15w, https:\/\/www.chefzak.com\/wp-content\/uploads\/2025\/04\/Pickles-03.jpg 1280w\" sizes=\"(max-width: 1024px) 100vw, 1024px\" \/>\t\t\t\t\t\t\t\t\t\t\t\t\t\t\t<\/div>\n\t\t\t\t<\/div>\n\t\t\t\t<\/div>\n\t\t\t\t\t<\/div>\n\t\t\t\t<\/div>\n\t\t\t\t<\/div>","protected":false},"excerpt":{"rendered":"<p>Encurtidos Encurtir alimentos es una t\u00e9cnica culinaria extremadamente importante. Si bien la textura es sin duda un aspecto crucial para disfrutar de los encurtidos, tambi\u00e9n lo es el sabor. Ya sea que comas los encurtidos enteros, los a\u00f1adas a una hamburguesa o los piques para recetas, es importante qu\u00e9 tipo utilices, \u00a1as\u00ed que prueba mis [&hellip;]<\/p>","protected":false},"author":1,"featured_media":0,"parent":0,"menu_order":0,"comment_status":"closed","ping_status":"closed","template":"","meta":{"ocean_post_layout":"full-width","ocean_both_sidebars_style":"","ocean_both_sidebars_content_width":0,"ocean_both_sidebars_sidebars_width":0,"ocean_sidebar":"","ocean_second_sidebar":"","ocean_disable_margins":"enable","ocean_add_body_class":"","ocean_shortcode_before_top_bar":"","ocean_shortcode_after_top_bar":"","ocean_shortcode_before_header":"","ocean_shortcode_after_header":"","ocean_has_shortcode":"","ocean_shortcode_after_title":"","ocean_shortcode_before_footer_widgets":"","ocean_shortcode_after_footer_widgets":"","ocean_shortcode_before_footer_bottom":"","ocean_shortcode_after_footer_bottom":"","ocean_display_top_bar":"default","ocean_display_header":"default","ocean_header_style":"","ocean_center_header_left_menu":"","ocean_custom_header_template":"","ocean_custom_logo":0,"ocean_custom_retina_logo":0,"ocean_custom_logo_max_width":0,"ocean_custom_logo_tablet_max_width":0,"ocean_custom_logo_mobile_max_width":0,"ocean_custom_logo_max_height":0,"ocean_custom_logo_tablet_max_height":0,"ocean_custom_logo_mobile_max_height":0,"ocean_header_custom_menu":"","ocean_menu_typo_font_family":"","ocean_menu_typo_font_subset":"","ocean_menu_typo_font_size":0,"ocean_menu_typo_font_size_tablet":0,"ocean_menu_typo_font_size_mobile":0,"ocean_menu_typo_font_size_unit":"px","ocean_menu_typo_font_weight":"","ocean_menu_typo_font_weight_tablet":"","ocean_menu_typo_font_weight_mobile":"","ocean_menu_typo_transform":"","ocean_menu_typo_transform_tablet":"","ocean_menu_typo_transform_mobile":"","ocean_menu_typo_line_height":0,"ocean_menu_typo_line_height_tablet":0,"ocean_menu_typo_line_height_mobile":0,"ocean_menu_typo_line_height_unit":"","ocean_menu_typo_spacing":0,"ocean_menu_typo_spacing_tablet":0,"ocean_menu_typo_spacing_mobile":0,"ocean_menu_typo_spacing_unit":"","ocean_menu_link_color":"","ocean_menu_link_color_hover":"","ocean_menu_link_color_active":"","ocean_menu_link_background":"","ocean_menu_link_hover_background":"","ocean_menu_link_active_background":"","ocean_menu_social_links_bg":"","ocean_menu_social_hover_links_bg":"","ocean_menu_social_links_color":"","ocean_menu_social_hover_links_color":"","ocean_disable_title":"default","ocean_disable_heading":"default","ocean_post_title":"","ocean_post_subheading":"","ocean_post_title_style":"","ocean_post_title_background_color":"","ocean_post_title_background":0,"ocean_post_title_bg_image_position":"","ocean_post_title_bg_image_attachment":"","ocean_post_title_bg_image_repeat":"","ocean_post_title_bg_image_size":"","ocean_post_title_height":0,"ocean_post_title_bg_overlay":0.5,"ocean_post_title_bg_overlay_color":"","ocean_disable_breadcrumbs":"default","ocean_breadcrumbs_color":"","ocean_breadcrumbs_separator_color":"","ocean_breadcrumbs_links_color":"","ocean_breadcrumbs_links_hover_color":"","ocean_display_footer_widgets":"default","ocean_display_footer_bottom":"default","ocean_custom_footer_template":"","footnotes":""},"class_list":["post-22","page","type-page","status-publish","hentry","entry"],"_links":{"self":[{"href":"https:\/\/www.chefzak.com\/en\/wp-json\/wp\/v2\/pages\/22","targetHints":{"allow":["GET"]}}],"collection":[{"href":"https:\/\/www.chefzak.com\/en\/wp-json\/wp\/v2\/pages"}],"about":[{"href":"https:\/\/www.chefzak.com\/en\/wp-json\/wp\/v2\/types\/page"}],"author":[{"embeddable":true,"href":"https:\/\/www.chefzak.com\/en\/wp-json\/wp\/v2\/users\/1"}],"replies":[{"embeddable":true,"href":"https:\/\/www.chefzak.com\/en\/wp-json\/wp\/v2\/comments?post=22"}],"version-history":[{"count":17,"href":"https:\/\/www.chefzak.com\/en\/wp-json\/wp\/v2\/pages\/22\/revisions"}],"predecessor-version":[{"id":822,"href":"https:\/\/www.chefzak.com\/en\/wp-json\/wp\/v2\/pages\/22\/revisions\/822"}],"wp:attachment":[{"href":"https:\/\/www.chefzak.com\/en\/wp-json\/wp\/v2\/media?parent=22"}],"curies":[{"name":"wp","href":"https:\/\/api.w.org\/{rel}","templated":true}]}}