{"id":28,"date":"2025-02-09T11:06:13","date_gmt":"2025-02-09T11:06:13","guid":{"rendered":"https:\/\/www.chefzak.com\/?page_id=28"},"modified":"2025-04-20T19:01:45","modified_gmt":"2025-04-20T19:01:45","slug":"caldo-fondo","status":"publish","type":"page","link":"https:\/\/www.chefzak.com\/en\/caldo-fondo\/","title":{"rendered":"Stock \/ Broth"},"content":{"rendered":"<div data-elementor-type=\"wp-page\" data-elementor-id=\"28\" class=\"elementor elementor-28\">\n\t\t\t\t<div class=\"elementor-element elementor-element-bb8e135 e-flex e-con-boxed e-con e-parent\" data-id=\"bb8e135\" data-element_type=\"container\">\n\t\t\t\t\t<div class=\"e-con-inner\">\n\t\t\t\t<div class=\"elementor-element elementor-element-47883fc elementor-widget elementor-widget-text-editor\" data-id=\"47883fc\" data-element_type=\"widget\" data-widget_type=\"text-editor.default\">\n\t\t\t\t<div class=\"elementor-widget-container\">\n\t\t\t\t\t\t\t\t\t<h1>Stock \/ Broth<\/h1><p>The stock is usually made with bones and the broth is usually made with meat. In both cases, they are usually accompanied by aromatic vegetables, but in the case of stock, it is left unseasoned for maximum flexibility in recipes, while the broth usually contains at least salt and pepper. I make my own fresh broths and\/or stocks for all my dishes.<\/p>\t\t\t\t\t\t\t\t<\/div>\n\t\t\t\t<\/div>\n\t\t\t\t\t<\/div>\n\t\t\t\t<\/div>\n\t\t<div class=\"elementor-element elementor-element-e7d017d e-flex e-con-boxed e-con e-parent\" data-id=\"e7d017d\" data-element_type=\"container\">\n\t\t\t\t\t<div class=\"e-con-inner\">\n\t\t<div class=\"elementor-element elementor-element-2fdacee e-con-full e-flex e-con e-child\" data-id=\"2fdacee\" data-element_type=\"container\">\n\t\t\t\t<div class=\"elementor-element elementor-element-19b57fb elementor-widget elementor-widget-image\" data-id=\"19b57fb\" data-element_type=\"widget\" data-widget_type=\"image.default\">\n\t\t\t\t<div class=\"elementor-widget-container\">\n\t\t\t\t\t\t\t\t\t\t\t\t\t\t\t<img fetchpriority=\"high\" decoding=\"async\" width=\"1024\" height=\"819\" src=\"https:\/\/www.chefzak.com\/wp-content\/uploads\/2025\/03\/Broth-stock-01-1024x819.jpg\" class=\"attachment-large size-large wp-image-476\" alt=\"\" srcset=\"https:\/\/www.chefzak.com\/wp-content\/uploads\/2025\/03\/Broth-stock-01-1024x819.jpg 1024w, https:\/\/www.chefzak.com\/wp-content\/uploads\/2025\/03\/Broth-stock-01-300x240.jpg 300w, https:\/\/www.chefzak.com\/wp-content\/uploads\/2025\/03\/Broth-stock-01-768x614.jpg 768w, https:\/\/www.chefzak.com\/wp-content\/uploads\/2025\/03\/Broth-stock-01-15x12.jpg 15w, https:\/\/www.chefzak.com\/wp-content\/uploads\/2025\/03\/Broth-stock-01.jpg 1280w\" sizes=\"(max-width: 1024px) 100vw, 1024px\" \/>\t\t\t\t\t\t\t\t\t\t\t\t\t\t\t<\/div>\n\t\t\t\t<\/div>\n\t\t\t\t<\/div>\n\t\t<div class=\"elementor-element elementor-element-6e553f4 e-con-full e-flex e-con e-child\" data-id=\"6e553f4\" data-element_type=\"container\">\n\t\t\t\t<div class=\"elementor-element elementor-element-6d45521 elementor-widget elementor-widget-image\" data-id=\"6d45521\" data-element_type=\"widget\" data-widget_type=\"image.default\">\n\t\t\t\t<div class=\"elementor-widget-container\">\n\t\t\t\t\t\t\t\t\t\t\t\t\t\t\t<img decoding=\"async\" width=\"1024\" height=\"819\" src=\"https:\/\/www.chefzak.com\/wp-content\/uploads\/2025\/03\/Broth-stock-02-1024x819.jpg\" class=\"attachment-large size-large wp-image-480\" alt=\"\" srcset=\"https:\/\/www.chefzak.com\/wp-content\/uploads\/2025\/03\/Broth-stock-02-1024x819.jpg 1024w, https:\/\/www.chefzak.com\/wp-content\/uploads\/2025\/03\/Broth-stock-02-300x240.jpg 300w, https:\/\/www.chefzak.com\/wp-content\/uploads\/2025\/03\/Broth-stock-02-768x614.jpg 768w, https:\/\/www.chefzak.com\/wp-content\/uploads\/2025\/03\/Broth-stock-02-15x12.jpg 15w, https:\/\/www.chefzak.com\/wp-content\/uploads\/2025\/03\/Broth-stock-02.jpg 1280w\" sizes=\"(max-width: 1024px) 100vw, 1024px\" \/>\t\t\t\t\t\t\t\t\t\t\t\t\t\t\t<\/div>\n\t\t\t\t<\/div>\n\t\t\t\t<\/div>\n\t\t<div class=\"elementor-element elementor-element-88b7dd9 e-con-full e-flex e-con e-child\" data-id=\"88b7dd9\" data-element_type=\"container\">\n\t\t\t\t<div class=\"elementor-element elementor-element-ca374f9 elementor-widget elementor-widget-image\" data-id=\"ca374f9\" data-element_type=\"widget\" data-widget_type=\"image.default\">\n\t\t\t\t<div class=\"elementor-widget-container\">\n\t\t\t\t\t\t\t\t\t\t\t\t\t\t\t<img decoding=\"async\" width=\"1024\" height=\"819\" src=\"https:\/\/www.chefzak.com\/wp-content\/uploads\/2025\/03\/Broth-stock-03-1024x819.jpg\" class=\"attachment-large size-large wp-image-481\" alt=\"\" srcset=\"https:\/\/www.chefzak.com\/wp-content\/uploads\/2025\/03\/Broth-stock-03-1024x819.jpg 1024w, https:\/\/www.chefzak.com\/wp-content\/uploads\/2025\/03\/Broth-stock-03-300x240.jpg 300w, https:\/\/www.chefzak.com\/wp-content\/uploads\/2025\/03\/Broth-stock-03-768x614.jpg 768w, https:\/\/www.chefzak.com\/wp-content\/uploads\/2025\/03\/Broth-stock-03-15x12.jpg 15w, https:\/\/www.chefzak.com\/wp-content\/uploads\/2025\/03\/Broth-stock-03.jpg 1280w\" sizes=\"(max-width: 1024px) 100vw, 1024px\" \/>\t\t\t\t\t\t\t\t\t\t\t\t\t\t\t<\/div>\n\t\t\t\t<\/div>\n\t\t\t\t<\/div>\n\t\t\t\t\t<\/div>\n\t\t\t\t<\/div>\n\t\t\t\t<\/div>","protected":false},"excerpt":{"rendered":"<p>Caldo\/Fondo El caldo generalmente se hace con huesos y el fondo oscuro generalmente se hace con carne. En ambos casos, suelen ir acompa\u00f1ados de verduras arom\u00e1ticas, pero en el caso del caldo, se deja sin condimentar para lograr la m\u00e1xima flexibilidad en las recetas, mientras que el fondo oscuro suele contener al menos sal y [&hellip;]<\/p>","protected":false},"author":1,"featured_media":0,"parent":0,"menu_order":0,"comment_status":"closed","ping_status":"closed","template":"","meta":{"ocean_post_layout":"full-width","ocean_both_sidebars_style":"","ocean_both_sidebars_content_width":0,"ocean_both_sidebars_sidebars_width":0,"ocean_sidebar":"","ocean_second_sidebar":"","ocean_disable_margins":"enable","ocean_add_body_class":"","ocean_shortcode_before_top_bar":"","ocean_shortcode_after_top_bar":"","ocean_shortcode_before_header":"","ocean_shortcode_after_header":"","ocean_has_shortcode":"","ocean_shortcode_after_title":"","ocean_shortcode_before_footer_widgets":"","ocean_shortcode_after_footer_widgets":"","ocean_shortcode_before_footer_bottom":"","ocean_shortcode_after_footer_bottom":"","ocean_display_top_bar":"default","ocean_display_header":"default","ocean_header_style":"","ocean_center_header_left_menu":"","ocean_custom_header_template":"","ocean_custom_logo":0,"ocean_custom_retina_logo":0,"ocean_custom_logo_max_width":0,"ocean_custom_logo_tablet_max_width":0,"ocean_custom_logo_mobile_max_width":0,"ocean_custom_logo_max_height":0,"ocean_custom_logo_tablet_max_height":0,"ocean_custom_logo_mobile_max_height":0,"ocean_header_custom_menu":"","ocean_menu_typo_font_family":"","ocean_menu_typo_font_subset":"","ocean_menu_typo_font_size":0,"ocean_menu_typo_font_size_tablet":0,"ocean_menu_typo_font_size_mobile":0,"ocean_menu_typo_font_size_unit":"px","ocean_menu_typo_font_weight":"","ocean_menu_typo_font_weight_tablet":"","ocean_menu_typo_font_weight_mobile":"","ocean_menu_typo_transform":"","ocean_menu_typo_transform_tablet":"","ocean_menu_typo_transform_mobile":"","ocean_menu_typo_line_height":0,"ocean_menu_typo_line_height_tablet":0,"ocean_menu_typo_line_height_mobile":0,"ocean_menu_typo_line_height_unit":"","ocean_menu_typo_spacing":0,"ocean_menu_typo_spacing_tablet":0,"ocean_menu_typo_spacing_mobile":0,"ocean_menu_typo_spacing_unit":"","ocean_menu_link_color":"","ocean_menu_link_color_hover":"","ocean_menu_link_color_active":"","ocean_menu_link_background":"","ocean_menu_link_hover_background":"","ocean_menu_link_active_background":"","ocean_menu_social_links_bg":"","ocean_menu_social_hover_links_bg":"","ocean_menu_social_links_color":"","ocean_menu_social_hover_links_color":"","ocean_disable_title":"default","ocean_disable_heading":"default","ocean_post_title":"","ocean_post_subheading":"","ocean_post_title_style":"","ocean_post_title_background_color":"","ocean_post_title_background":0,"ocean_post_title_bg_image_position":"","ocean_post_title_bg_image_attachment":"","ocean_post_title_bg_image_repeat":"","ocean_post_title_bg_image_size":"","ocean_post_title_height":0,"ocean_post_title_bg_overlay":0.5,"ocean_post_title_bg_overlay_color":"","ocean_disable_breadcrumbs":"default","ocean_breadcrumbs_color":"","ocean_breadcrumbs_separator_color":"","ocean_breadcrumbs_links_color":"","ocean_breadcrumbs_links_hover_color":"","ocean_display_footer_widgets":"default","ocean_display_footer_bottom":"default","ocean_custom_footer_template":"","footnotes":""},"class_list":["post-28","page","type-page","status-publish","hentry","entry"],"_links":{"self":[{"href":"https:\/\/www.chefzak.com\/en\/wp-json\/wp\/v2\/pages\/28","targetHints":{"allow":["GET"]}}],"collection":[{"href":"https:\/\/www.chefzak.com\/en\/wp-json\/wp\/v2\/pages"}],"about":[{"href":"https:\/\/www.chefzak.com\/en\/wp-json\/wp\/v2\/types\/page"}],"author":[{"embeddable":true,"href":"https:\/\/www.chefzak.com\/en\/wp-json\/wp\/v2\/users\/1"}],"replies":[{"embeddable":true,"href":"https:\/\/www.chefzak.com\/en\/wp-json\/wp\/v2\/comments?post=28"}],"version-history":[{"count":32,"href":"https:\/\/www.chefzak.com\/en\/wp-json\/wp\/v2\/pages\/28\/revisions"}],"predecessor-version":[{"id":496,"href":"https:\/\/www.chefzak.com\/en\/wp-json\/wp\/v2\/pages\/28\/revisions\/496"}],"wp:attachment":[{"href":"https:\/\/www.chefzak.com\/en\/wp-json\/wp\/v2\/media?parent=28"}],"curies":[{"name":"wp","href":"https:\/\/api.w.org\/{rel}","templated":true}]}}