{"id":30,"date":"2025-02-09T11:06:48","date_gmt":"2025-02-09T11:06:48","guid":{"rendered":"https:\/\/www.chefzak.com\/?page_id=30"},"modified":"2025-04-20T19:02:55","modified_gmt":"2025-04-20T19:02:55","slug":"dips","status":"publish","type":"page","link":"https:\/\/www.chefzak.com\/en\/dips\/","title":{"rendered":"Dips"},"content":{"rendered":"<div data-elementor-type=\"wp-page\" data-elementor-id=\"30\" class=\"elementor elementor-30\">\n\t\t\t\t<div class=\"elementor-element elementor-element-5ea6b2d e-flex e-con-boxed e-con e-parent\" data-id=\"5ea6b2d\" data-element_type=\"container\">\n\t\t\t\t\t<div class=\"e-con-inner\">\n\t\t\t\t<div class=\"elementor-element elementor-element-e810175 elementor-widget elementor-widget-text-editor\" data-id=\"e810175\" data-element_type=\"widget\" data-widget_type=\"text-editor.default\">\n\t\t\t\t<div class=\"elementor-widget-container\">\n\t\t\t\t\t\t\t\t\t<h1>Dips<\/h1><p>The so-called dips are dipping sauces, to accompany or as a table sauce, and it is a type of sauce that is served as an accompaniment to a dish and is used by dipping a generally more solid food in it. Unlike other sauces, these are not added to the food, but are presented in bowls to bathe the food in. Therefore, its consistency is usually thicker than other sauces.<\/p>\t\t\t\t\t\t\t\t<\/div>\n\t\t\t\t<\/div>\n\t\t\t\t\t<\/div>\n\t\t\t\t<\/div>\n\t\t<div class=\"elementor-element elementor-element-99a1a78 e-flex e-con-boxed e-con e-parent\" data-id=\"99a1a78\" data-element_type=\"container\">\n\t\t\t\t\t<div class=\"e-con-inner\">\n\t\t<div class=\"elementor-element elementor-element-b70801a e-con-full e-flex e-con e-child\" data-id=\"b70801a\" data-element_type=\"container\">\n\t\t\t\t<div class=\"elementor-element elementor-element-a2dea6c elementor-widget elementor-widget-image\" data-id=\"a2dea6c\" data-element_type=\"widget\" data-widget_type=\"image.default\">\n\t\t\t\t<div class=\"elementor-widget-container\">\n\t\t\t\t\t\t\t\t\t\t\t\t\t\t\t<img fetchpriority=\"high\" decoding=\"async\" width=\"1024\" height=\"819\" src=\"https:\/\/www.chefzak.com\/wp-content\/uploads\/2025\/04\/Photo-013-1024x819.jpg\" class=\"attachment-large size-large wp-image-925\" alt=\"\" srcset=\"https:\/\/www.chefzak.com\/wp-content\/uploads\/2025\/04\/Photo-013-1024x819.jpg 1024w, https:\/\/www.chefzak.com\/wp-content\/uploads\/2025\/04\/Photo-013-300x240.jpg 300w, https:\/\/www.chefzak.com\/wp-content\/uploads\/2025\/04\/Photo-013-768x614.jpg 768w, https:\/\/www.chefzak.com\/wp-content\/uploads\/2025\/04\/Photo-013-15x12.jpg 15w, https:\/\/www.chefzak.com\/wp-content\/uploads\/2025\/04\/Photo-013.jpg 1280w\" sizes=\"(max-width: 1024px) 100vw, 1024px\" \/>\t\t\t\t\t\t\t\t\t\t\t\t\t\t\t<\/div>\n\t\t\t\t<\/div>\n\t\t\t\t<\/div>\n\t\t<div class=\"elementor-element elementor-element-9b9bcd6 e-con-full e-flex e-con e-child\" data-id=\"9b9bcd6\" data-element_type=\"container\">\n\t\t\t\t<div class=\"elementor-element elementor-element-614b3e6 elementor-widget elementor-widget-image\" data-id=\"614b3e6\" data-element_type=\"widget\" data-widget_type=\"image.default\">\n\t\t\t\t<div class=\"elementor-widget-container\">\n\t\t\t\t\t\t\t\t\t\t\t\t\t\t\t<img decoding=\"async\" width=\"1024\" height=\"819\" src=\"https:\/\/www.chefzak.com\/wp-content\/uploads\/2025\/04\/Photo-025-1024x819.jpg\" class=\"attachment-large size-large wp-image-926\" alt=\"\" srcset=\"https:\/\/www.chefzak.com\/wp-content\/uploads\/2025\/04\/Photo-025-1024x819.jpg 1024w, https:\/\/www.chefzak.com\/wp-content\/uploads\/2025\/04\/Photo-025-300x240.jpg 300w, https:\/\/www.chefzak.com\/wp-content\/uploads\/2025\/04\/Photo-025-768x614.jpg 768w, https:\/\/www.chefzak.com\/wp-content\/uploads\/2025\/04\/Photo-025-15x12.jpg 15w, https:\/\/www.chefzak.com\/wp-content\/uploads\/2025\/04\/Photo-025.jpg 1280w\" sizes=\"(max-width: 1024px) 100vw, 1024px\" \/>\t\t\t\t\t\t\t\t\t\t\t\t\t\t\t<\/div>\n\t\t\t\t<\/div>\n\t\t\t\t<\/div>\n\t\t<div class=\"elementor-element elementor-element-b9d9c72 e-con-full e-flex e-con e-child\" data-id=\"b9d9c72\" data-element_type=\"container\">\n\t\t\t\t<div class=\"elementor-element elementor-element-ac14fcd elementor-widget elementor-widget-image\" data-id=\"ac14fcd\" data-element_type=\"widget\" data-widget_type=\"image.default\">\n\t\t\t\t<div class=\"elementor-widget-container\">\n\t\t\t\t\t\t\t\t\t\t\t\t\t\t\t<img decoding=\"async\" width=\"1024\" height=\"819\" src=\"https:\/\/www.chefzak.com\/wp-content\/uploads\/2025\/04\/Photo-037-1-1024x819.jpg\" class=\"attachment-large size-large wp-image-927\" alt=\"\" srcset=\"https:\/\/www.chefzak.com\/wp-content\/uploads\/2025\/04\/Photo-037-1-1024x819.jpg 1024w, https:\/\/www.chefzak.com\/wp-content\/uploads\/2025\/04\/Photo-037-1-300x240.jpg 300w, https:\/\/www.chefzak.com\/wp-content\/uploads\/2025\/04\/Photo-037-1-768x614.jpg 768w, https:\/\/www.chefzak.com\/wp-content\/uploads\/2025\/04\/Photo-037-1-15x12.jpg 15w, https:\/\/www.chefzak.com\/wp-content\/uploads\/2025\/04\/Photo-037-1.jpg 1280w\" sizes=\"(max-width: 1024px) 100vw, 1024px\" \/>\t\t\t\t\t\t\t\t\t\t\t\t\t\t\t<\/div>\n\t\t\t\t<\/div>\n\t\t\t\t<\/div>\n\t\t\t\t\t<\/div>\n\t\t\t\t<\/div>\n\t\t\t\t<\/div>","protected":false},"excerpt":{"rendered":"<p>Dips Los llamados dips son salsas para mojar, para acompa\u00f1ar o salsa de mesa, y es aquel tipo de salsa que se sirve como acompa\u00f1amiento a un plato y se emplea sumergiendo en ella un alimento generalmente m\u00e1s s\u00f3lido. A diferencia de otras salsas, \u00e9stas no se agregan a la comida, sino que se presentan [&hellip;]<\/p>","protected":false},"author":1,"featured_media":0,"parent":0,"menu_order":0,"comment_status":"closed","ping_status":"closed","template":"","meta":{"ocean_post_layout":"full-width","ocean_both_sidebars_style":"","ocean_both_sidebars_content_width":0,"ocean_both_sidebars_sidebars_width":0,"ocean_sidebar":"","ocean_second_sidebar":"","ocean_disable_margins":"enable","ocean_add_body_class":"","ocean_shortcode_before_top_bar":"","ocean_shortcode_after_top_bar":"","ocean_shortcode_before_header":"","ocean_shortcode_after_header":"","ocean_has_shortcode":"","ocean_shortcode_after_title":"","ocean_shortcode_before_footer_widgets":"","ocean_shortcode_after_footer_widgets":"","ocean_shortcode_before_footer_bottom":"","ocean_shortcode_after_footer_bottom":"","ocean_display_top_bar":"default","ocean_display_header":"default","ocean_header_style":"","ocean_center_header_left_menu":"","ocean_custom_header_template":"","ocean_custom_logo":0,"ocean_custom_retina_logo":0,"ocean_custom_logo_max_width":0,"ocean_custom_logo_tablet_max_width":0,"ocean_custom_logo_mobile_max_width":0,"ocean_custom_logo_max_height":0,"ocean_custom_logo_tablet_max_height":0,"ocean_custom_logo_mobile_max_height":0,"ocean_header_custom_menu":"","ocean_menu_typo_font_family":"","ocean_menu_typo_font_subset":"","ocean_menu_typo_font_size":0,"ocean_menu_typo_font_size_tablet":0,"ocean_menu_typo_font_size_mobile":0,"ocean_menu_typo_font_size_unit":"px","ocean_menu_typo_font_weight":"","ocean_menu_typo_font_weight_tablet":"","ocean_menu_typo_font_weight_mobile":"","ocean_menu_typo_transform":"","ocean_menu_typo_transform_tablet":"","ocean_menu_typo_transform_mobile":"","ocean_menu_typo_line_height":0,"ocean_menu_typo_line_height_tablet":0,"ocean_menu_typo_line_height_mobile":0,"ocean_menu_typo_line_height_unit":"","ocean_menu_typo_spacing":0,"ocean_menu_typo_spacing_tablet":0,"ocean_menu_typo_spacing_mobile":0,"ocean_menu_typo_spacing_unit":"","ocean_menu_link_color":"","ocean_menu_link_color_hover":"","ocean_menu_link_color_active":"","ocean_menu_link_background":"","ocean_menu_link_hover_background":"","ocean_menu_link_active_background":"","ocean_menu_social_links_bg":"","ocean_menu_social_hover_links_bg":"","ocean_menu_social_links_color":"","ocean_menu_social_hover_links_color":"","ocean_disable_title":"default","ocean_disable_heading":"default","ocean_post_title":"","ocean_post_subheading":"","ocean_post_title_style":"","ocean_post_title_background_color":"","ocean_post_title_background":0,"ocean_post_title_bg_image_position":"","ocean_post_title_bg_image_attachment":"","ocean_post_title_bg_image_repeat":"","ocean_post_title_bg_image_size":"","ocean_post_title_height":0,"ocean_post_title_bg_overlay":0.5,"ocean_post_title_bg_overlay_color":"","ocean_disable_breadcrumbs":"default","ocean_breadcrumbs_color":"","ocean_breadcrumbs_separator_color":"","ocean_breadcrumbs_links_color":"","ocean_breadcrumbs_links_hover_color":"","ocean_display_footer_widgets":"default","ocean_display_footer_bottom":"default","ocean_custom_footer_template":"","footnotes":""},"class_list":["post-30","page","type-page","status-publish","hentry","entry"],"_links":{"self":[{"href":"https:\/\/www.chefzak.com\/en\/wp-json\/wp\/v2\/pages\/30","targetHints":{"allow":["GET"]}}],"collection":[{"href":"https:\/\/www.chefzak.com\/en\/wp-json\/wp\/v2\/pages"}],"about":[{"href":"https:\/\/www.chefzak.com\/en\/wp-json\/wp\/v2\/types\/page"}],"author":[{"embeddable":true,"href":"https:\/\/www.chefzak.com\/en\/wp-json\/wp\/v2\/users\/1"}],"replies":[{"embeddable":true,"href":"https:\/\/www.chefzak.com\/en\/wp-json\/wp\/v2\/comments?post=30"}],"version-history":[{"count":17,"href":"https:\/\/www.chefzak.com\/en\/wp-json\/wp\/v2\/pages\/30\/revisions"}],"predecessor-version":[{"id":930,"href":"https:\/\/www.chefzak.com\/en\/wp-json\/wp\/v2\/pages\/30\/revisions\/930"}],"wp:attachment":[{"href":"https:\/\/www.chefzak.com\/en\/wp-json\/wp\/v2\/media?parent=30"}],"curies":[{"name":"wp","href":"https:\/\/api.w.org\/{rel}","templated":true}]}}