{"id":51,"date":"2025-02-09T11:21:21","date_gmt":"2025-02-09T11:21:21","guid":{"rendered":"https:\/\/www.chefzak.com\/?page_id=51"},"modified":"2025-04-20T19:04:44","modified_gmt":"2025-04-20T19:04:44","slug":"politica-privacidad","status":"publish","type":"page","link":"https:\/\/www.chefzak.com\/en\/politica-privacidad\/","title":{"rendered":"Privacy Policy"},"content":{"rendered":"<div data-elementor-type=\"wp-page\" data-elementor-id=\"51\" class=\"elementor elementor-51\">\n\t\t\t\t<div class=\"elementor-element elementor-element-a3673f6 e-flex e-con-boxed e-con e-parent\" data-id=\"a3673f6\" data-element_type=\"container\">\n\t\t\t\t\t<div class=\"e-con-inner\">\n\t\t\t\t<div class=\"elementor-element elementor-element-35311ba elementor-widget elementor-widget-text-editor\" data-id=\"35311ba\" data-element_type=\"widget\" data-widget_type=\"text-editor.default\">\n\t\t\t\t<div class=\"elementor-widget-container\">\n\t\t\t\t\t\t\t\t\t<p>CHEFZAK would like to inform you about its Privacy Policy regarding the treatment and protection of personal data of users and customers that may be collected by browsing or contracting services through the website www.chefzak.com.<br \/>In this sense, the Holder guarantees compliance with current regulations on the protection of personal data, reflected in Organic Law 3\/2018, of December 5, on Protection of Personal Data and Guarantee of Digital Rights (LOPD GDD). It also complies with Regulation (EU) 2016\/679 of the European Parliament and of the Council of April 27, 2016 regarding the protection of natural persons (RGPD).<br \/>The use of the website implies the acceptance of this Privacy Policy, as well as the conditions included in the Legal Notice.<\/p>\t\t\t\t\t\t\t\t<\/div>\n\t\t\t\t<\/div>\n\t\t\t\t\t<\/div>\n\t\t\t\t<\/div>\n\t\t<div class=\"elementor-element elementor-element-c9e50f2 e-flex e-con-boxed e-con e-parent\" data-id=\"c9e50f2\" data-element_type=\"container\">\n\t\t\t\t\t<div class=\"e-con-inner\">\n\t\t\t\t<div class=\"elementor-element elementor-element-fd4b08b elementor-widget__width-initial elementor-widget elementor-widget-text-editor\" data-id=\"fd4b08b\" data-element_type=\"widget\" data-widget_type=\"text-editor.default\">\n\t\t\t\t<div class=\"elementor-widget-container\">\n\t\t\t\t\t\t\t\t\t<h2>Responsible Identity<\/h2><p>\u2022\tOwner: SYED TAHIR ALI JAFFRI<br \/>\u2022\tVAT NR: Y1164239Q<br \/>\u2022\tAddress: Calle Acacias 2, Urbanizaci\u00f3n La Buitrera, 46160 Ll\u00edria, Valencia, Spain <br \/>\u2022\tEmail: zak@chefzak.com<br \/>\u2022\tWebsite: www.chefzak.com<\/p>\t\t\t\t\t\t\t\t<\/div>\n\t\t\t\t<\/div>\n\t\t\t\t\t<\/div>\n\t\t\t\t<\/div>\n\t\t<div class=\"elementor-element elementor-element-df548e5 e-flex e-con-boxed e-con e-parent\" data-id=\"df548e5\" data-element_type=\"container\">\n\t\t\t\t\t<div class=\"e-con-inner\">\n\t\t\t\t<div class=\"elementor-element elementor-element-7905a4f elementor-widget elementor-widget-text-editor\" data-id=\"7905a4f\" data-element_type=\"widget\" data-widget_type=\"text-editor.default\">\n\t\t\t\t<div class=\"elementor-widget-container\">\n\t\t\t\t\t\t\t\t\t<h2>Principles applied in data processing<\/h2><p>In the processing of your personal data, the Holder will apply the following principles that comply with the requirements of the new European data protection regulation:<br \/>\u2022\tPrinciple of legality, loyalty and transparency: The Holder will always require consent for the processing of your personal data, which may be for one or more specific purposes about which they will inform you in advance with absolute transparency.<br \/>\u2022\tPrinciple of data minimization: The Holder will request only the data strictly necessary for the purpose or purposes that are requested.<br \/>\u2022\tPrinciple of limitation of the conservation period: The data will be kept for the time strictly necessary for the purpose or purposes of the treatment.<br \/>The Owner will inform you of the corresponding conservation period according to the purpose. In the case of subscriptions, the Holder will periodically review the lists and eliminate those inactive records for a considerable time.<br \/>\u2022\tPrinciple of integrity and confidentiality: Your data will be treated in such a way that its security, confidentiality and integrity is guaranteed. You should know that the Owner takes the necessary precautions to avoid unauthorized access or improper use of the data of its users by third parties.<\/p>\t\t\t\t\t\t\t\t<\/div>\n\t\t\t\t<\/div>\n\t\t\t\t\t<\/div>\n\t\t\t\t<\/div>\n\t\t<div class=\"elementor-element elementor-element-dfacb42 e-flex e-con-boxed e-con e-parent\" data-id=\"dfacb42\" data-element_type=\"container\">\n\t\t\t\t\t<div class=\"e-con-inner\">\n\t\t\t\t<div class=\"elementor-element elementor-element-c1a911a elementor-widget elementor-widget-text-editor\" data-id=\"c1a911a\" data-element_type=\"widget\" data-widget_type=\"text-editor.default\">\n\t\t\t\t<div class=\"elementor-widget-container\">\n\t\t\t\t\t\t\t\t\t<h2>Obtaining personal data<\/h2><p>To browse www.chefzak.com it is not necessary that you provide any personal information. The cases in which you do provide your personal data are the following:<br \/>\u2022\tBy contacting through the contact forms or sending an email.<\/p>\t\t\t\t\t\t\t\t<\/div>\n\t\t\t\t<\/div>\n\t\t\t\t\t<\/div>\n\t\t\t\t<\/div>\n\t\t<div class=\"elementor-element elementor-element-e0bed66 e-flex e-con-boxed e-con e-parent\" data-id=\"e0bed66\" data-element_type=\"container\">\n\t\t\t\t\t<div class=\"e-con-inner\">\n\t\t\t\t<div class=\"elementor-element elementor-element-e37939a elementor-widget elementor-widget-text-editor\" data-id=\"e37939a\" data-element_type=\"widget\" data-widget_type=\"text-editor.default\">\n\t\t\t\t<div class=\"elementor-widget-container\">\n\t\t\t\t\t\t\t\t\t<h2>Your rights<\/h2><p>The Owner informs you that regarding your personal data you have the right to:<br \/>\u2022\tRequest access to stored data.<br \/>\u2022\tRequest a rectification or cancellation.<br \/>\u2022\tRequest the limitation of your treatment.<br \/>\u2022\tObject to the treatment.<br \/>\u2022\tRequest the portability of your data.<br \/>The exercise of these rights is personal and therefore must be exercised directly by the interested party, requesting it directly from the Owner, which means that any client, subscriber or collaborator who has provided their data at any time can contact the Owner and request information about the data that you have stored and how you have obtained them, request their rectification, request the portability of your personal data, oppose the treatment, limit its use or request the cancellation of these data in the Holder's files.<br \/>To exercise your rights of access, rectification, cancellation, portability and opposition, you have to send an email to zak@chefzak.com along with the proof valid in law such as a photocopy of the D.N.I. or equivalent.<br \/>You have the right to effective judicial protection and to file a claim with the supervisory authority, in this case, the Spanish Data Protection Agency, if you consider that the processing of personal data that concerns you violates the Regulation.<\/p>\t\t\t\t\t\t\t\t<\/div>\n\t\t\t\t<\/div>\n\t\t\t\t\t<\/div>\n\t\t\t\t<\/div>\n\t\t<div class=\"elementor-element elementor-element-ec767ee e-flex e-con-boxed e-con e-parent\" data-id=\"ec767ee\" data-element_type=\"container\">\n\t\t\t\t\t<div class=\"e-con-inner\">\n\t\t\t\t<div class=\"elementor-element elementor-element-0123b04 elementor-widget elementor-widget-text-editor\" data-id=\"0123b04\" data-element_type=\"widget\" data-widget_type=\"text-editor.default\">\n\t\t\t\t<div class=\"elementor-widget-container\">\n\t\t\t\t\t\t\t\t\t<h2>Purpose of the processing of personal data<\/h2><p>When you connect to the website to send an email to the Owner, subscribe to their newsletter or make a contract, you are providing personal information for which the Owner is responsible. This information may include personal data such as your IP address, name and surname, physical address, email address, telephone number, and other information. By providing this information, you give your consent for your information to be collected, used, managed and stored by chefzak.com, only as described in the Legal Notice and in this Privacy Policy.<br \/>The personal data and the purpose of the treatment by the Holder are different depending on the information capture system:<br \/>\u2022\tContact forms: The Holder requests personal data, among which may be: Name and surname, email address, telephone number and address of your website in order to answer your questions.<br \/>For example, the Owner uses this data to respond to your messages, doubts, complaints, comments or concerns that you may have regarding the information included on the website, the services provided through the website, the treatment of your personal data, questions regarding the legal texts included in the website, as well as any other query you may have that is not subject to the conditions of the website or the contract.<br \/>There are other purposes for which the Holder processes your personal data:<br \/>\u2022\tTo guarantee compliance with the conditions contained in the Legal Notice and in the applicable law. This may include the development of tools and algorithms that help this website to ensure the confidentiality of the personal data it collects.<br \/>\u2022\tTo support and improve the services offered by this website.<br \/>\u2022\tTo analyse navigation. The Owner collects other non-identifying data that are obtained through the use of cookies that are downloaded to your computer when you browse the website, the characteristics and purpose of which are detailed in the Cookies Policy.<br \/>\u2022\tTo manage social networks. The Owner has a presence on social networks. If you become a follower on the Holder's social networks, the processing of personal data will be governed by this section, as well as by those conditions of use, privacy policies and access regulations that belong to the social network that is appropriate in each case and that you have previously accepted.<br \/>You can consult the privacy policies of the social networks we use in their links:<br \/>\u2022 Facebook<br \/>\u2022 YouTube<br \/>\u2022 Instagram<br \/>The Owner will process your personal data in order to correctly manage their presence on the social network, inform you of their activities, products or services, as well as for any other purpose that the regulations of social networks allow.<br \/>In no case will the Owner use the profiles of followers on social networks to send advertising individually.<\/p>\t\t\t\t\t\t\t\t<\/div>\n\t\t\t\t<\/div>\n\t\t\t\t\t<\/div>\n\t\t\t\t<\/div>\n\t\t<div class=\"elementor-element elementor-element-f447f60 e-flex e-con-boxed e-con e-parent\" data-id=\"f447f60\" data-element_type=\"container\">\n\t\t\t\t\t<div class=\"e-con-inner\">\n\t\t\t\t<div class=\"elementor-element elementor-element-584778e elementor-widget elementor-widget-text-editor\" data-id=\"584778e\" data-element_type=\"widget\" data-widget_type=\"text-editor.default\">\n\t\t\t\t<div class=\"elementor-widget-container\">\n\t\t\t\t\t\t\t\t\t<h2>Personal data security<\/h2><p>To protect your personal data, the Holder takes all reasonable precautions and follows the best practices in the industry to prevent their loss, misuse, improper access, disclosure, alteration or destruction of them.<br \/>The website is hosted on dooiminio.com. The security of your data is guaranteed, since they take all the necessary security measures for it. You can check their privacy policy for more information.<\/p>\t\t\t\t\t\t\t\t<\/div>\n\t\t\t\t<\/div>\n\t\t\t\t\t<\/div>\n\t\t\t\t<\/div>\n\t\t<div class=\"elementor-element elementor-element-2a2b154 e-flex e-con-boxed e-con e-parent\" data-id=\"2a2b154\" data-element_type=\"container\">\n\t\t\t\t\t<div class=\"e-con-inner\">\n\t\t\t\t<div class=\"elementor-element elementor-element-e58cc02 elementor-widget elementor-widget-text-editor\" data-id=\"e58cc02\" data-element_type=\"widget\" data-widget_type=\"text-editor.default\">\n\t\t\t\t<div class=\"elementor-widget-container\">\n\t\t\t\t\t\t\t\t\t<h2>Content from other websites<\/h2><p>The pages of this website may contain embedded content (for example, videos, images, articles, etc.). Embedded content from other websites behaves in exactly the same way as if you had visited the other website.<br \/>These websites may collect data about you, use cookies, embed an additional third-party tracking code, and monitor your interaction using this code.<\/p>\t\t\t\t\t\t\t\t<\/div>\n\t\t\t\t<\/div>\n\t\t\t\t\t<\/div>\n\t\t\t\t<\/div>\n\t\t<div class=\"elementor-element elementor-element-51906d7 e-flex e-con-boxed e-con e-parent\" data-id=\"51906d7\" data-element_type=\"container\">\n\t\t\t\t\t<div class=\"e-con-inner\">\n\t\t\t\t<div class=\"elementor-element elementor-element-f279750 elementor-widget elementor-widget-text-editor\" data-id=\"f279750\" data-element_type=\"widget\" data-widget_type=\"text-editor.default\">\n\t\t\t\t<div class=\"elementor-widget-container\">\n\t\t\t\t\t\t\t\t\t<h2>Cookies Policy<\/h2><p>For this website to function properly it needs to use cookies, which is information that is stored in your web browser.<br \/>On the Cookies Policy page, you can consult all the information related to the collection policy, the purpose and the treatment of cookies.<\/p>\t\t\t\t\t\t\t\t<\/div>\n\t\t\t\t<\/div>\n\t\t\t\t\t<\/div>\n\t\t\t\t<\/div>\n\t\t<div class=\"elementor-element elementor-element-1dcbc5b e-flex e-con-boxed e-con e-parent\" data-id=\"1dcbc5b\" data-element_type=\"container\">\n\t\t\t\t\t<div class=\"e-con-inner\">\n\t\t\t\t<div class=\"elementor-element elementor-element-e0bf688 elementor-widget elementor-widget-text-editor\" data-id=\"e0bf688\" data-element_type=\"widget\" data-widget_type=\"text-editor.default\">\n\t\t\t\t<div class=\"elementor-widget-container\">\n\t\t\t\t\t\t\t\t\t<h2>Legitimation for data processing<\/h2><p>The legal basis for the treatment of your data is: consent.<br \/>To contact the Owner, subscribe to a newsletter or make comments on this website, you have to accept this Privacy Policy.<\/p>\t\t\t\t\t\t\t\t<\/div>\n\t\t\t\t<\/div>\n\t\t\t\t\t<\/div>\n\t\t\t\t<\/div>\n\t\t<div class=\"elementor-element elementor-element-834ec0a e-flex e-con-boxed e-con e-parent\" data-id=\"834ec0a\" data-element_type=\"container\">\n\t\t\t\t\t<div class=\"e-con-inner\">\n\t\t\t\t<div class=\"elementor-element elementor-element-1c3be44 elementor-widget__width-initial elementor-widget elementor-widget-text-editor\" data-id=\"1c3be44\" data-element_type=\"widget\" data-widget_type=\"text-editor.default\">\n\t\t\t\t<div class=\"elementor-widget-container\">\n\t\t\t\t\t\t\t\t\t<h2>Categories of personal data<\/h2><p>The categories of personal data that the Owner deals with are:<br \/>\u2022\tIdentification data<\/p>\t\t\t\t\t\t\t\t<\/div>\n\t\t\t\t<\/div>\n\t\t\t\t\t<\/div>\n\t\t\t\t<\/div>\n\t\t<div class=\"elementor-element elementor-element-dea4c46 e-flex e-con-boxed e-con e-parent\" data-id=\"dea4c46\" data-element_type=\"container\">\n\t\t\t\t\t<div class=\"e-con-inner\">\n\t\t\t\t<div class=\"elementor-element elementor-element-e23f505 elementor-widget__width-initial elementor-widget elementor-widget-text-editor\" data-id=\"e23f505\" data-element_type=\"widget\" data-widget_type=\"text-editor.default\">\n\t\t\t\t<div class=\"elementor-widget-container\">\n\t\t\t\t\t\t\t\t\t<h2>Preservation of personal data<\/h2><p>The personal data that you provide to the Holder will be kept until you request its deletion.<\/p>\t\t\t\t\t\t\t\t<\/div>\n\t\t\t\t<\/div>\n\t\t\t\t\t<\/div>\n\t\t\t\t<\/div>\n\t\t<div class=\"elementor-element elementor-element-02c71ae e-flex e-con-boxed e-con e-parent\" data-id=\"02c71ae\" data-element_type=\"container\">\n\t\t\t\t\t<div class=\"e-con-inner\">\n\t\t\t\t<div class=\"elementor-element elementor-element-aa275bd elementor-widget elementor-widget-text-editor\" data-id=\"aa275bd\" data-element_type=\"widget\" data-widget_type=\"text-editor.default\">\n\t\t\t\t<div class=\"elementor-widget-container\">\n\t\t\t\t\t\t\t\t\t<h2>Recipients of personal data<\/h2><p>\u2022\tGoogle Analytics is a web analytics service provided by Google, Inc., a Delaware company whose main office is at 1600 Amphitheatre Parkway, Mountain View (California), CA 94043, United States (\u201cGoogle\u201d). You can find more information at: https:\/\/analytics.google.com.<br \/>Google Analytics uses \u201ccookies\u201d, which are text files located on your computer, to help the Owner to analyse the use made by users of the website. The information generated by the cookie about the use of the website (including your IP address) will be directly transmitted and filed by Google on servers in the United States.<br \/>You can also see a list of the types of cookies used by Google and its partners and all the information related to their use of advertising cookies.<\/p>\t\t\t\t\t\t\t\t<\/div>\n\t\t\t\t<\/div>\n\t\t\t\t\t<\/div>\n\t\t\t\t<\/div>\n\t\t<div class=\"elementor-element elementor-element-e8dbc1d e-flex e-con-boxed e-con e-parent\" data-id=\"e8dbc1d\" data-element_type=\"container\">\n\t\t\t\t\t<div class=\"e-con-inner\">\n\t\t\t\t<div class=\"elementor-element elementor-element-5293f07 elementor-widget elementor-widget-text-editor\" data-id=\"5293f07\" data-element_type=\"widget\" data-widget_type=\"text-editor.default\">\n\t\t\t\t<div class=\"elementor-widget-container\">\n\t\t\t\t\t\t\t\t\t<h2>Web navigation<\/h2><p>When browsing chefzak.com, non-identifying data can be collected, which may include the IP address, geolocation, a record of how the services and sites are used, browsing habits and other data that cannot be used to identify you.<br \/>The website uses the following third-party analysis services:<br \/>\u2022 Google Analytics<br \/>The Owner uses the information obtained to obtain statistical data, analyse trends, administer the site, study browsing patterns and to collect demographic information.<\/p>\t\t\t\t\t\t\t\t<\/div>\n\t\t\t\t<\/div>\n\t\t\t\t\t<\/div>\n\t\t\t\t<\/div>\n\t\t<div class=\"elementor-element elementor-element-578b986 e-flex e-con-boxed e-con e-parent\" data-id=\"578b986\" data-element_type=\"container\">\n\t\t\t\t\t<div class=\"e-con-inner\">\n\t\t\t\t<div class=\"elementor-element elementor-element-54424e3 elementor-widget elementor-widget-text-editor\" data-id=\"54424e3\" data-element_type=\"widget\" data-widget_type=\"text-editor.default\">\n\t\t\t\t<div class=\"elementor-widget-container\">\n\t\t\t\t\t\t\t\t\t<h2>Accuracy and veracity of personal data<\/h2><p>You undertake that the data provided to the Holder are correct, complete, accurate and current, as well as to keep them duly updated.<br \/>As a user of the website, you are solely responsible for the veracity and correctness of the data that you send to the site, exonerating the owner of any responsibility in this regard.<\/p>\t\t\t\t\t\t\t\t<\/div>\n\t\t\t\t<\/div>\n\t\t\t\t\t<\/div>\n\t\t\t\t<\/div>\n\t\t<div class=\"elementor-element elementor-element-61db559 e-flex e-con-boxed e-con e-parent\" data-id=\"61db559\" data-element_type=\"container\">\n\t\t\t\t\t<div class=\"e-con-inner\">\n\t\t\t\t<div class=\"elementor-element elementor-element-711fd77 elementor-widget elementor-widget-text-editor\" data-id=\"711fd77\" data-element_type=\"widget\" data-widget_type=\"text-editor.default\">\n\t\t\t\t<div class=\"elementor-widget-container\">\n\t\t\t\t\t\t\t\t\t<h2>Acceptance and consent<\/h2><p>As a User of the Website, you declare that you have been informed of the conditions on the protection of personal data, you accept and consent to the treatment thereof by the Owner in the manner and for the purposes indicated in this Privacy Policy.<\/p>\t\t\t\t\t\t\t\t<\/div>\n\t\t\t\t<\/div>\n\t\t\t\t\t<\/div>\n\t\t\t\t<\/div>\n\t\t<div class=\"elementor-element elementor-element-e3f733a e-flex e-con-boxed e-con e-parent\" data-id=\"e3f733a\" data-element_type=\"container\">\n\t\t\t\t\t<div class=\"e-con-inner\">\n\t\t\t\t<div class=\"elementor-element elementor-element-8d12761 elementor-widget elementor-widget-text-editor\" data-id=\"8d12761\" data-element_type=\"widget\" data-widget_type=\"text-editor.default\">\n\t\t\t\t<div class=\"elementor-widget-container\">\n\t\t\t\t\t\t\t\t\t<h2>Revocability<\/h2><p>To exercise your rights of access, rectification, cancellation, portability and opposition, you have to send an email to zak@chefzak.com along with the proof valid in law such as a photocopy of the D.N.I. or equivalent.<br \/>The exercise of your rights does not include any data that the Holder is obliged to keep for administrative, legal or security purposes.<\/p>\t\t\t\t\t\t\t\t<\/div>\n\t\t\t\t<\/div>\n\t\t\t\t\t<\/div>\n\t\t\t\t<\/div>\n\t\t<div class=\"elementor-element elementor-element-944ebe0 e-flex e-con-boxed e-con e-parent\" data-id=\"944ebe0\" data-element_type=\"container\">\n\t\t\t\t\t<div class=\"e-con-inner\">\n\t\t\t\t<div class=\"elementor-element elementor-element-f8b361e elementor-widget elementor-widget-text-editor\" data-id=\"f8b361e\" data-element_type=\"widget\" data-widget_type=\"text-editor.default\">\n\t\t\t\t<div class=\"elementor-widget-container\">\n\t\t\t\t\t\t\t\t\t<h2>Changes to the Privacy Policy<\/h2><p>The Owner reserves the right to modify this Privacy Policy to adapt it to new legislation or jurisprudence, as well as to industry practices.<br \/>These policies will be in force until they are modified by others duly published.<\/p>\t\t\t\t\t\t\t\t<\/div>\n\t\t\t\t<\/div>\n\t\t\t\t\t<\/div>\n\t\t\t\t<\/div>\n\t\t\t\t<\/div>","protected":false},"excerpt":{"rendered":"<p>CHEFZAK te informa sobre su Pol\u00edtica de Privacidad respecto del tratamiento y protecci\u00f3n de los datos de car\u00e1cter personal de los usuarios y clientes que puedan ser recabados por la navegaci\u00f3n o contrataci\u00f3n de servicios a trav\u00e9s del sitio Web www.chefzak.com.En este sentido, el Titular garantiza el cumplimiento de la normativa vigente en materia de [&hellip;]<\/p>","protected":false},"author":1,"featured_media":0,"parent":0,"menu_order":0,"comment_status":"closed","ping_status":"closed","template":"","meta":{"ocean_post_layout":"full-width","ocean_both_sidebars_style":"","ocean_both_sidebars_content_width":0,"ocean_both_sidebars_sidebars_width":0,"ocean_sidebar":"","ocean_second_sidebar":"","ocean_disable_margins":"enable","ocean_add_body_class":"","ocean_shortcode_before_top_bar":"","ocean_shortcode_after_top_bar":"","ocean_shortcode_before_header":"","ocean_shortcode_after_header":"","ocean_has_shortcode":"","ocean_shortcode_after_title":"","ocean_shortcode_before_footer_widgets":"","ocean_shortcode_after_footer_widgets":"","ocean_shortcode_before_footer_bottom":"","ocean_shortcode_after_footer_bottom":"","ocean_display_top_bar":"default","ocean_display_header":"default","ocean_header_style":"","ocean_center_header_left_menu":"","ocean_custom_header_template":"","ocean_custom_logo":0,"ocean_custom_retina_logo":0,"ocean_custom_logo_max_width":0,"ocean_custom_logo_tablet_max_width":0,"ocean_custom_logo_mobile_max_width":0,"ocean_custom_logo_max_height":0,"ocean_custom_logo_tablet_max_height":0,"ocean_custom_logo_mobile_max_height":0,"ocean_header_custom_menu":"","ocean_menu_typo_font_family":"","ocean_menu_typo_font_subset":"","ocean_menu_typo_font_size":0,"ocean_menu_typo_font_size_tablet":0,"ocean_menu_typo_font_size_mobile":0,"ocean_menu_typo_font_size_unit":"px","ocean_menu_typo_font_weight":"","ocean_menu_typo_font_weight_tablet":"","ocean_menu_typo_font_weight_mobile":"","ocean_menu_typo_transform":"","ocean_menu_typo_transform_tablet":"","ocean_menu_typo_transform_mobile":"","ocean_menu_typo_line_height":0,"ocean_menu_typo_line_height_tablet":0,"ocean_menu_typo_line_height_mobile":0,"ocean_menu_typo_line_height_unit":"","ocean_menu_typo_spacing":0,"ocean_menu_typo_spacing_tablet":0,"ocean_menu_typo_spacing_mobile":0,"ocean_menu_typo_spacing_unit":"","ocean_menu_link_color":"","ocean_menu_link_color_hover":"","ocean_menu_link_color_active":"","ocean_menu_link_background":"","ocean_menu_link_hover_background":"","ocean_menu_link_active_background":"","ocean_menu_social_links_bg":"","ocean_menu_social_hover_links_bg":"","ocean_menu_social_links_color":"","ocean_menu_social_hover_links_color":"","ocean_disable_title":"default","ocean_disable_heading":"default","ocean_post_title":"","ocean_post_subheading":"","ocean_post_title_style":"","ocean_post_title_background_color":"","ocean_post_title_background":0,"ocean_post_title_bg_image_position":"","ocean_post_title_bg_image_attachment":"","ocean_post_title_bg_image_repeat":"","ocean_post_title_bg_image_size":"","ocean_post_title_height":0,"ocean_post_title_bg_overlay":0.5,"ocean_post_title_bg_overlay_color":"","ocean_disable_breadcrumbs":"default","ocean_breadcrumbs_color":"","ocean_breadcrumbs_separator_color":"","ocean_breadcrumbs_links_color":"","ocean_breadcrumbs_links_hover_color":"","ocean_display_footer_widgets":"default","ocean_display_footer_bottom":"default","ocean_custom_footer_template":"","footnotes":""},"class_list":["post-51","page","type-page","status-publish","hentry","entry"],"_links":{"self":[{"href":"https:\/\/www.chefzak.com\/en\/wp-json\/wp\/v2\/pages\/51","targetHints":{"allow":["GET"]}}],"collection":[{"href":"https:\/\/www.chefzak.com\/en\/wp-json\/wp\/v2\/pages"}],"about":[{"href":"https:\/\/www.chefzak.com\/en\/wp-json\/wp\/v2\/types\/page"}],"author":[{"embeddable":true,"href":"https:\/\/www.chefzak.com\/en\/wp-json\/wp\/v2\/users\/1"}],"replies":[{"embeddable":true,"href":"https:\/\/www.chefzak.com\/en\/wp-json\/wp\/v2\/comments?post=51"}],"version-history":[{"count":56,"href":"https:\/\/www.chefzak.com\/en\/wp-json\/wp\/v2\/pages\/51\/revisions"}],"predecessor-version":[{"id":320,"href":"https:\/\/www.chefzak.com\/en\/wp-json\/wp\/v2\/pages\/51\/revisions\/320"}],"wp:attachment":[{"href":"https:\/\/www.chefzak.com\/en\/wp-json\/wp\/v2\/media?parent=51"}],"curies":[{"name":"wp","href":"https:\/\/api.w.org\/{rel}","templated":true}]}}